{"id":25,"date":"2026-03-20T08:43:25","date_gmt":"2026-03-20T08:43:25","guid":{"rendered":"https:\/\/alpadria-homes.at\/?page_id=25"},"modified":"2026-03-20T10:28:16","modified_gmt":"2026-03-20T10:28:16","slug":"impressum","status":"publish","type":"page","link":"https:\/\/alpadria-homes.at\/index.php\/impressum\/","title":{"rendered":"Impressum"},"content":{"rendered":"<style>.kb-row-layout-id25_c96c21-d5 > .kt-row-column-wrap{align-content:start;}:where(.kb-row-layout-id25_c96c21-d5 > .kt-row-column-wrap) > .wp-block-kadence-column{justify-content:start;}.kb-row-layout-id25_c96c21-d5 > .kt-row-column-wrap{column-gap:var(--global-kb-gap-md, 2rem);row-gap:var(--global-kb-gap-md, 2rem);max-width:var( --global-content-width, 1290px );padding-left:var(--global-content-edge-padding);padding-right:var(--global-content-edge-padding);padding-top:var(--global-kb-spacing-xl, 4rem);padding-bottom:var(--global-kb-spacing-xxl, 5rem);grid-template-columns:minmax(0, 1fr);}.kb-row-layout-id25_c96c21-d5 > .kt-row-layout-overlay{opacity:0.30;}@media all and (max-width: 1024px){.kb-row-layout-id25_c96c21-d5 > .kt-row-column-wrap{grid-template-columns:minmax(0, 1fr);}}@media all and (max-width: 767px){.kb-row-layout-id25_c96c21-d5 > .kt-row-column-wrap{grid-template-columns:minmax(0, 1fr);}}<\/style><div class=\"kb-row-layout-wrap kb-row-layout-id25_c96c21-d5 alignfull has-theme-palette1-background-color kt-row-has-bg wp-block-kadence-rowlayout\"><div class=\"kt-row-column-wrap kt-has-1-columns kt-row-layout-equal kt-tab-layout-inherit kt-mobile-layout-row kt-row-valign-top kb-theme-content-width\">\n<style>.kadence-column25_0b26d5-8c > .kt-inside-inner-col,.kadence-column25_0b26d5-8c > .kt-inside-inner-col:before{border-top-left-radius:0px;border-top-right-radius:0px;border-bottom-right-radius:0px;border-bottom-left-radius:0px;}.kadence-column25_0b26d5-8c > .kt-inside-inner-col{column-gap:var(--global-kb-gap-sm, 1rem);}.kadence-column25_0b26d5-8c > .kt-inside-inner-col{flex-direction:column;}.kadence-column25_0b26d5-8c > .kt-inside-inner-col > .aligncenter{width:100%;}.kadence-column25_0b26d5-8c > .kt-inside-inner-col:before{opacity:0.3;}.kadence-column25_0b26d5-8c{position:relative;}@media all and (max-width: 1024px){.kadence-column25_0b26d5-8c > .kt-inside-inner-col{flex-direction:column;justify-content:center;}}@media all and (max-width: 767px){.kadence-column25_0b26d5-8c > .kt-inside-inner-col{flex-direction:column;justify-content:center;}}<\/style>\n<div class=\"wp-block-kadence-column kadence-column25_0b26d5-8c\"><div class=\"kt-inside-inner-col\"><style>.wp-block-kadence-advancedheading.kt-adv-heading25_b0ef3e-95, .wp-block-kadence-advancedheading.kt-adv-heading25_b0ef3e-95[data-kb-block=\"kb-adv-heading25_b0ef3e-95\"]{font-style:normal;}.wp-block-kadence-advancedheading.kt-adv-heading25_b0ef3e-95 mark.kt-highlight, .wp-block-kadence-advancedheading.kt-adv-heading25_b0ef3e-95[data-kb-block=\"kb-adv-heading25_b0ef3e-95\"] mark.kt-highlight{font-style:normal;color:#f76a0c;-webkit-box-decoration-break:clone;box-decoration-break:clone;padding-top:0px;padding-right:0px;padding-bottom:0px;padding-left:0px;}.wp-block-kadence-advancedheading.kt-adv-heading25_b0ef3e-95 img.kb-inline-image, .wp-block-kadence-advancedheading.kt-adv-heading25_b0ef3e-95[data-kb-block=\"kb-adv-heading25_b0ef3e-95\"] img.kb-inline-image{width:150px;vertical-align:baseline;}<\/style>\n<h1 class=\"kt-adv-heading25_b0ef3e-95 wp-block-kadence-advancedheading\" data-kb-block=\"kb-adv-heading25_b0ef3e-95\">Impressum<\/h1>\n\n\n<style>.wp-block-kadence-advancedheading.kt-adv-heading25_da5123-05, .wp-block-kadence-advancedheading.kt-adv-heading25_da5123-05[data-kb-block=\"kb-adv-heading25_da5123-05\"]{font-size:var(--global-kb-font-size-md, 1.25rem);font-style:normal;}.wp-block-kadence-advancedheading.kt-adv-heading25_da5123-05 mark.kt-highlight, .wp-block-kadence-advancedheading.kt-adv-heading25_da5123-05[data-kb-block=\"kb-adv-heading25_da5123-05\"] mark.kt-highlight{font-style:normal;color:#f76a0c;-webkit-box-decoration-break:clone;box-decoration-break:clone;padding-top:0px;padding-right:0px;padding-bottom:0px;padding-left:0px;}.wp-block-kadence-advancedheading.kt-adv-heading25_da5123-05 img.kb-inline-image, .wp-block-kadence-advancedheading.kt-adv-heading25_da5123-05[data-kb-block=\"kb-adv-heading25_da5123-05\"] img.kb-inline-image{width:150px;vertical-align:baseline;}<\/style>\n<h2 class=\"kt-adv-heading25_da5123-05 wp-block-kadence-advancedheading\" data-kb-block=\"kb-adv-heading25_da5123-05\">Informationen und Offenlegung gem\u00e4\u00df \u00a75 (1) ECG, \u00a7 25 MedienG, \u00a7 63 GewO und \u00a7 14 UGB<\/h2>\n\n\n<style>.wp-block-kadence-advancedheading.kt-adv-heading25_441b71-01, .wp-block-kadence-advancedheading.kt-adv-heading25_441b71-01[data-kb-block=\"kb-adv-heading25_441b71-01\"]{font-style:normal;}.wp-block-kadence-advancedheading.kt-adv-heading25_441b71-01 mark.kt-highlight, .wp-block-kadence-advancedheading.kt-adv-heading25_441b71-01[data-kb-block=\"kb-adv-heading25_441b71-01\"] mark.kt-highlight{font-style:normal;color:#f76a0c;-webkit-box-decoration-break:clone;box-decoration-break:clone;padding-top:0px;padding-right:0px;padding-bottom:0px;padding-left:0px;}.wp-block-kadence-advancedheading.kt-adv-heading25_441b71-01 img.kb-inline-image, .wp-block-kadence-advancedheading.kt-adv-heading25_441b71-01[data-kb-block=\"kb-adv-heading25_441b71-01\"] img.kb-inline-image{width:150px;vertical-align:baseline;}<\/style>\n<p class=\"kt-adv-heading25_441b71-01 wp-block-kadence-advancedheading has-theme-palette-9-color has-text-color\" data-kb-block=\"kb-adv-heading25_441b71-01\"><br>Webseitenbetreiber: <br>Philipp Past<br><br>Anschrift: <br>Ramplacher Ortsstra\u00dfe 36, <br>2620 Wartmannstetten<br><br>UID-Nr: ATU77731117<br><br>Gewerbeaufsichtbeh\u00f6rde: <br>Bezirkshauptmannschaft Neunkirchen<br><br>Kontaktdaten:<br>Telefon: +43 664 \/ 466 41 16<br>Email: office@alpadria-homes.at<br><br>Anwendbare Rechtsvorschrift: www.ris.bka.gv.at<br><br>Berufsbezeichnung: Handel mit Modulh\u00e4user<br><br>Online Streitbeilegung <br>Verbraucher, welche in \u00d6sterreich oder in einem sonstigen Vertragsstaat der ODR-VO niedergelassen sind, haben die M\u00f6glichkeit Probleme bez\u00fcglich dem entgeltlichen Kauf von Waren oder Dienstleistungen im Rahmen einer Online-Streitbeilegung.<br>Die Europa\u0308ische Kommission stellt eine Plattform hierf\u00fcr bereit: https:\/\/ec.europa.eu\/consumers\/odr<br><br>Urheberrecht<br>Die Inhalte dieser Webseite unterliegen, soweit dies rechtlich m\u00f6glich ist, diversen Schutzrechten (z.B dem Urheberrecht). Jegliche Verwendung\/Verbreitung von bereitgestelltem Material, welche urheberrechtlich untersagt ist, bedarf schriftlicher Zustimmung des Webseitenbetreibers.<br><br>Haftungsausschluss<br>Trotz sorgf\u00e4ltiger inhaltlicher Kontrolle \u00fcbernimmt der Webseitenbetreiber dieser Webseite keine Haftung f\u00fcr die Inhalte externer Links. F\u00fcr den Inhalt der verlinkten Seiten sind ausschlie\u00dflich deren Betreiber verantwortlich. Sollten Sie dennoch auf ausgehende Links aufmerksam werden, welche auf eine Webseite mit rechtswidriger T\u00e4tigkeit\/Information verweisen, ersuchen wir um dementsprechenden Hinweis, um diese nach \u00a7 17 Abs. 2 ECG umgehend zu entfernen.<br><br>Die Urheberrechte Dritter werden vom Betreiber dieser Webseite mit gr\u00f6\u00dfter Sorgfalt beachtet. Sollten Sie trotzdem auf eine Urheberrechtsverletzung aufmerksam werden, bitten wir um einen entsprechenden Hinweis. Bei Bekanntwerden derartiger Rechtsverletzungen werden wir den betroffenen Inhalt umgehend entfernen.<br><br>Rechtlicher Hinweis<br>Wir sind H\u00e4ndler modularer Bausysteme sowie Projektentwickler \u2013 insbesondere im Zusammenhang mit eigenen Immobilienprojekten.<br>Wir sind kein Baumeister und kein Bautr\u00e4ger im Sinne der \u00f6sterreichischen Gewerbeordnung. S\u00e4mtliche Planungen, Bauleitungen sowie alle Bau- und Montagearbeiten erfolgen ausschlie\u00dflich durch befugte und konzessionierte Fachbetriebe oder Baumeister, die direkt durch den Auftraggeber beauftragt werden.<\/p>\n<\/div><\/div>\n\n<\/div><\/div>","protected":false},"excerpt":{"rendered":"<p>Impressum Informationen und Offenlegung gem\u00e4\u00df \u00a75 (1) ECG, \u00a7 25 MedienG, \u00a7 63 GewO und \u00a7 14 UGB Webseitenbetreiber: Philipp Past Anschrift: Ramplacher Ortsstra\u00dfe 36, 2620 Wartmannstetten UID-Nr: ATU77731117 Gewerbeaufsichtbeh\u00f6rde: Bezirkshauptmannschaft Neunkirchen Kontaktdaten:Telefon: +43 664 \/ 466 41 16Email: office@alpadria-homes.at Anwendbare Rechtsvorschrift: www.ris.bka.gv.at Berufsbezeichnung: Handel mit Modulh\u00e4user Online Streitbeilegung Verbraucher, welche in \u00d6sterreich oder in&#8230;<\/p>\n","protected":false},"author":1,"featured_media":0,"parent":0,"menu_order":0,"comment_status":"closed","ping_status":"closed","template":"","meta":{"_kad_blocks_custom_css":"","_kad_blocks_head_custom_js":"","_kad_blocks_body_custom_js":"","_kad_blocks_footer_custom_js":"","_kad_post_transparent":"","_kad_post_title":"hide","_kad_post_layout":"","_kad_post_sidebar_id":"","_kad_post_content_style":"unboxed","_kad_post_vertical_padding":"hide","_kad_post_feature":"","_kad_post_feature_position":"","_kad_post_header":false,"_kad_post_footer":false,"_kad_post_classname":"","footnotes":""},"class_list":["post-25","page","type-page","status-publish","hentry"],"taxonomy_info":[],"featured_image_src_large":false,"author_info":{"display_name":"admin","author_link":"https:\/\/alpadria-homes.at\/author\/alp_ad_ho-26\/"},"comment_info":0,"_links":{"self":[{"href":"https:\/\/alpadria-homes.at\/index.php\/wp-json\/wp\/v2\/pages\/25","targetHints":{"allow":["GET"]}}],"collection":[{"href":"https:\/\/alpadria-homes.at\/index.php\/wp-json\/wp\/v2\/pages"}],"about":[{"href":"https:\/\/alpadria-homes.at\/index.php\/wp-json\/wp\/v2\/types\/page"}],"author":[{"embeddable":true,"href":"https:\/\/alpadria-homes.at\/index.php\/wp-json\/wp\/v2\/users\/1"}],"replies":[{"embeddable":true,"href":"https:\/\/alpadria-homes.at\/index.php\/wp-json\/wp\/v2\/comments?post=25"}],"version-history":[{"count":8,"href":"https:\/\/alpadria-homes.at\/index.php\/wp-json\/wp\/v2\/pages\/25\/revisions"}],"predecessor-version":[{"id":121,"href":"https:\/\/alpadria-homes.at\/index.php\/wp-json\/wp\/v2\/pages\/25\/revisions\/121"}],"wp:attachment":[{"href":"https:\/\/alpadria-homes.at\/index.php\/wp-json\/wp\/v2\/media?parent=25"}],"curies":[{"name":"wp","href":"https:\/\/api.w.org\/{rel}","templated":true}]}}